{"id":12,"date":"2024-12-28T16:02:22","date_gmt":"2024-12-28T16:02:22","guid":{"rendered":"https:\/\/thirsty-feynman.92-205-237-139.plesk.page\/?page_id=12"},"modified":"2025-01-11T18:32:24","modified_gmt":"2025-01-11T18:32:24","slug":"arbeiten","status":"publish","type":"page","link":"https:\/\/thirsty-feynman.92-205-237-139.plesk.page\/index.php\/arbeiten\/","title":{"rendered":"Arbeiten"},"content":{"rendered":"<div id=\"pl-12\"  class=\"panel-layout\" ><div id=\"pg-12-0\"  class=\"panel-grid panel-has-style\" ><div class=\"home-services panel-row-style panel-row-style-for-12-0\" id=\"sub-hero\" ><div id=\"pgc-12-0-0\"  class=\"panel-grid-cell\" ><div id=\"panel-12-0-0-0\" class=\"so-panel widget widget_sow-editor panel-first-child panel-last-child\" data-index=\"0\" ><div class=\"content-section content-section-small no-pb animate panel-widget-style panel-widget-style-for-12-0-0-0\" ><div\n\t\t\t\n\t\t\tclass=\"so-widget-sow-editor so-widget-sow-editor-base\"\n\t\t\t\n\t\t>\n<div class=\"siteorigin-widget-tinymce textwidget\">\n\t<h5>\/\/ Arbeiten<\/h5>\n<p><strong>Made by muse. For<br \/>\nBrands we love.<br \/>\n<\/strong><\/p>\n<p>###AJAX NAV \/ FILTER ###<\/p>\n<\/div>\n<\/div><\/div><\/div><\/div><\/div><\/div><div id=\"pg-12-1\"  class=\"panel-grid panel-has-style\" ><div class=\"content-section panel-row-style panel-row-style-for-12-1\" id=\"home-portfolio\" ><div id=\"pgc-12-1-0\"  class=\"panel-grid-cell\" ><div id=\"panel-12-1-0-0\" class=\"so-panel widget widget_sow-editor panel-first-child panel-last-child\" data-index=\"1\" ><div\n\t\t\t\n\t\t\tclass=\"so-widget-sow-editor so-widget-sow-editor-base\"\n\t\t\t\n\t\t>\n<div class=\"siteorigin-widget-tinymce textwidget\">\n\t\t<div class=\"outer-muse-portfolio\">\n    <div id=\"muse-portfolio\" class=\"row\">\n \t\t\t \t\t\t<div class=\"col-md-2 text-center mp-box \">\n                   \n \t\t\t\t<a class=\"mp-link\" href=\"https:\/\/thirsty-feynman.92-205-237-139.plesk.page\/index.php\/portfolio\/baeckerei-armbruster\/\">\n                <img decoding=\"async\" class=\"img-fluid\"  src=\"https:\/\/thirsty-feynman.92-205-237-139.plesk.page\/wp-content\/uploads\/2026\/02\/sdfsddfs.jpg\">\n\t\t\t    <\/a>\n                                <div class=\"mp-box-overlay\" data-item-color=\"\">\n                <div class=\"mp-box-overlay-textwrapper\">\n                <h4><a href=\"https:\/\/thirsty-feynman.92-205-237-139.plesk.page\/index.php\/portfolio\/baeckerei-armbruster\/\"><span>B\u00e4ckerei Armbruster<\/span><\/a><\/h4>\n                <div class=\"mp-additional-info\" style=\"\">\n                WordPress-Website, Plugin-Entwicklung                <\/div>\n                <\/div>\n \t\t\t    <\/div>\n            <\/div>\n\n \t\t\t \t\t\t<div class=\"col-md-2 text-center mp-box \">\n                   \n \t\t\t\t<a class=\"mp-link\" href=\"https:\/\/thirsty-feynman.92-205-237-139.plesk.page\/index.php\/portfolio\/werber-bolz-gmbh\/\">\n                <img decoding=\"async\" class=\"img-fluid\"  src=\"https:\/\/thirsty-feynman.92-205-237-139.plesk.page\/wp-content\/uploads\/2025\/06\/bolz2.jpg\">\n\t\t\t    <\/a>\n                                <div class=\"mp-box-overlay\" data-item-color=\"\">\n                <div class=\"mp-box-overlay-textwrapper\">\n                <h4><a href=\"https:\/\/thirsty-feynman.92-205-237-139.plesk.page\/index.php\/portfolio\/werber-bolz-gmbh\/\"><span>Werner Bolz GmbH<\/span><\/a><\/h4>\n                <div class=\"mp-additional-info\" style=\"\">\n                WordPress-Website, Plugin-Entwicklung                <\/div>\n                <\/div>\n \t\t\t    <\/div>\n            <\/div>\n\n \t\t\t \t\t\t<div class=\"col-md-2 text-center mp-box \">\n                   \n \t\t\t\t<a class=\"mp-link\" href=\"https:\/\/thirsty-feynman.92-205-237-139.plesk.page\/index.php\/portfolio\/weingut-wiedemann\/\">\n                <img decoding=\"async\" class=\"img-fluid\"  src=\"https:\/\/thirsty-feynman.92-205-237-139.plesk.page\/wp-content\/uploads\/2025\/01\/wwi-1.jpg\">\n\t\t\t    <\/a>\n                                <div class=\"mp-box-overlay\" data-item-color=\"\">\n                <div class=\"mp-box-overlay-textwrapper\">\n                <h4><a href=\"https:\/\/thirsty-feynman.92-205-237-139.plesk.page\/index.php\/portfolio\/weingut-wiedemann\/\"><span>Weingut Wiedemann<\/span><\/a><\/h4>\n                <div class=\"mp-additional-info\" style=\"\">\n                WordPress-Website, Print-Design                <\/div>\n                <\/div>\n \t\t\t    <\/div>\n            <\/div>\n\n \t\t\t \t\t\t<div class=\"col-md-2 text-center mp-box \">\n                   \n \t\t\t\t<a class=\"mp-link\" href=\"https:\/\/thirsty-feynman.92-205-237-139.plesk.page\/index.php\/portfolio\/calmtree\/\">\n                <img decoding=\"async\" class=\"img-fluid\"  src=\"https:\/\/thirsty-feynman.92-205-237-139.plesk.page\/wp-content\/uploads\/2024\/12\/calmtree.jpg\">\n\t\t\t    <\/a>\n                                <div class=\"mp-box-overlay\" data-item-color=\"\">\n                <div class=\"mp-box-overlay-textwrapper\">\n                <h4><a href=\"https:\/\/thirsty-feynman.92-205-237-139.plesk.page\/index.php\/portfolio\/calmtree\/\"><span>Calmtree<\/span><\/a><\/h4>\n                <div class=\"mp-additional-info\" style=\"\">\n                Branding, Verpackungsdesign                <\/div>\n                <\/div>\n \t\t\t    <\/div>\n            <\/div>\n\n \t\t\t \t\t\t<div class=\"col-md-2 text-center mp-box \">\n                   \n \t\t\t\t<a class=\"mp-link\" href=\"https:\/\/thirsty-feynman.92-205-237-139.plesk.page\/index.php\/portfolio\/rapp-gesunheitsteam\/\">\n                <img decoding=\"async\" class=\"img-fluid\"  src=\"https:\/\/thirsty-feynman.92-205-237-139.plesk.page\/wp-content\/uploads\/2024\/12\/rapp.jpg\">\n\t\t\t    <\/a>\n                                <div class=\"mp-box-overlay\" data-item-color=\"\">\n                <div class=\"mp-box-overlay-textwrapper\">\n                <h4><a href=\"https:\/\/thirsty-feynman.92-205-237-139.plesk.page\/index.php\/portfolio\/rapp-gesunheitsteam\/\"><span>Rapp Gesunheitsteam<\/span><\/a><\/h4>\n                <div class=\"mp-additional-info\" style=\"\">\n                WordPress-Website, Plugin-Entwicklung                <\/div>\n                <\/div>\n \t\t\t    <\/div>\n            <\/div>\n\n \t\t\t \t\t\t<div class=\"col-md-2 text-center mp-box \">\n                   \n \t\t\t\t<a class=\"mp-link\" href=\"https:\/\/thirsty-feynman.92-205-237-139.plesk.page\/index.php\/portfolio\/belle-ag\/\">\n                <img decoding=\"async\" class=\"img-fluid\"  src=\"https:\/\/thirsty-feynman.92-205-237-139.plesk.page\/wp-content\/uploads\/2024\/12\/belle1.jpg\">\n\t\t\t    <\/a>\n                                <div class=\"mp-box-overlay\" data-item-color=\"\">\n                <div class=\"mp-box-overlay-textwrapper\">\n                <h4><a href=\"https:\/\/thirsty-feynman.92-205-237-139.plesk.page\/index.php\/portfolio\/belle-ag\/\"><span>BELLE AG<\/span><\/a><\/h4>\n                <div class=\"mp-additional-info\" style=\"\">\n                WordPress-Website, Online-Marketing                <\/div>\n                <\/div>\n \t\t\t    <\/div>\n            <\/div>\n\n \t\t\n \t\t<\/div>\n\t\t\t<\/div>\n \t\t\n<\/div>\n<\/div><\/div><\/div><\/div><\/div><div id=\"pg-12-2\"  class=\"panel-grid panel-has-style\" ><div class=\"content-section content-section-small panel-row-style panel-row-style-for-12-2\" ><div id=\"pgc-12-2-0\"  class=\"panel-grid-cell\" ><div id=\"panel-12-2-0-0\" class=\"so-panel widget widget_sow-editor panel-first-child panel-last-child\" data-index=\"2\" ><div class=\"animate panel-widget-style panel-widget-style-for-12-2-0-0\" ><div\n\t\t\t\n\t\t\tclass=\"so-widget-sow-editor so-widget-sow-editor-base\"\n\t\t\t\n\t\t>\n<div class=\"siteorigin-widget-tinymce textwidget\">\n\t<p><strong>Bereit f\u00fcr dein next<br \/>\nLevel? Let's talk!<br \/>\n<\/strong><\/p>\n<p>Bereit, dein Business auf das n\u00e4chste Level zu bringen? Wir entwickeln ma\u00dfgeschneiderte digitale L\u00f6sungen, die dein Wachstum vorantreiben. Vereinbare jetzt dein pers\u00f6nliches Gespr\u00e4ch und starte mit uns durch. Wir freuen uns auf dich und deine Idee!<\/p>\n<\/div>\n<\/div><\/div><\/div><\/div><\/div><\/div><\/div>","protected":false},"excerpt":{"rendered":"","protected":false},"author":1,"featured_media":0,"parent":0,"menu_order":0,"comment_status":"closed","ping_status":"closed","template":"","meta":{"footnotes":""},"class_list":["post-12","page","type-page","status-publish","hentry"],"_links":{"self":[{"href":"https:\/\/thirsty-feynman.92-205-237-139.plesk.page\/index.php\/wp-json\/wp\/v2\/pages\/12","targetHints":{"allow":["GET"]}}],"collection":[{"href":"https:\/\/thirsty-feynman.92-205-237-139.plesk.page\/index.php\/wp-json\/wp\/v2\/pages"}],"about":[{"href":"https:\/\/thirsty-feynman.92-205-237-139.plesk.page\/index.php\/wp-json\/wp\/v2\/types\/page"}],"author":[{"embeddable":true,"href":"https:\/\/thirsty-feynman.92-205-237-139.plesk.page\/index.php\/wp-json\/wp\/v2\/users\/1"}],"replies":[{"embeddable":true,"href":"https:\/\/thirsty-feynman.92-205-237-139.plesk.page\/index.php\/wp-json\/wp\/v2\/comments?post=12"}],"version-history":[{"count":27,"href":"https:\/\/thirsty-feynman.92-205-237-139.plesk.page\/index.php\/wp-json\/wp\/v2\/pages\/12\/revisions"}],"predecessor-version":[{"id":450,"href":"https:\/\/thirsty-feynman.92-205-237-139.plesk.page\/index.php\/wp-json\/wp\/v2\/pages\/12\/revisions\/450"}],"wp:attachment":[{"href":"https:\/\/thirsty-feynman.92-205-237-139.plesk.page\/index.php\/wp-json\/wp\/v2\/media?parent=12"}],"curies":[{"name":"wp","href":"https:\/\/api.w.org\/{rel}","templated":true}]}}