{"id":14,"date":"2024-12-28T16:02:43","date_gmt":"2024-12-28T16:02:43","guid":{"rendered":"https:\/\/thirsty-feynman.92-205-237-139.plesk.page\/?page_id=14"},"modified":"2025-01-11T18:43:06","modified_gmt":"2025-01-11T18:43:06","slug":"about","status":"publish","type":"page","link":"https:\/\/thirsty-feynman.92-205-237-139.plesk.page\/index.php\/about\/","title":{"rendered":"About"},"content":{"rendered":"<div id=\"pl-14\"  class=\"panel-layout\" ><div id=\"pg-14-0\"  class=\"panel-grid panel-has-style\" ><div class=\"home-services panel-row-style panel-row-style-for-14-0\" id=\"sub-hero\" ><div id=\"pgc-14-0-0\"  class=\"panel-grid-cell\" ><div id=\"panel-14-0-0-0\" class=\"so-panel widget widget_sow-editor panel-first-child panel-last-child\" data-index=\"0\" ><div class=\"content-section content-section-small no-pb animate panel-widget-style panel-widget-style-for-14-0-0-0\" ><div\n\t\t\t\n\t\t\tclass=\"so-widget-sow-editor so-widget-sow-editor-base\"\n\t\t\t\n\t\t>\n<div class=\"siteorigin-widget-tinymce textwidget\">\n\t<h5>\/\/ About<\/h5>\n<p><strong>Wir begleiten Brands digital. Zum Erfolg.<\/strong><\/p>\n<\/div>\n<\/div><\/div><\/div><\/div><\/div><\/div><div id=\"pg-14-1\"  class=\"panel-grid panel-has-style\" ><div class=\"content-section-right no-pt panel-row-style panel-row-style-for-14-1\" ><div id=\"pgc-14-1-0\"  class=\"panel-grid-cell\" ><div id=\"panel-14-1-0-0\" class=\"so-panel widget widget_sow-image panel-first-child panel-last-child\" data-index=\"1\" ><div\n\t\t\t\n\t\t\tclass=\"so-widget-sow-image so-widget-sow-image-default-8b5b6f678277-14\"\n\t\t\t\n\t\t>\n\n<div class=\"sow-image-container\">\n\t\t<img loading=\"lazy\" decoding=\"async\" src=\"https:\/\/thirsty-feynman.92-205-237-139.plesk.page\/wp-content\/uploads\/2025\/01\/springer_hellberg_la_red.3730x2098.1920x0.jpeg\" width=\"1920\" height=\"1080\" srcset=\"https:\/\/thirsty-feynman.92-205-237-139.plesk.page\/wp-content\/uploads\/2025\/01\/springer_hellberg_la_red.3730x2098.1920x0.jpeg 1920w, https:\/\/thirsty-feynman.92-205-237-139.plesk.page\/wp-content\/uploads\/2025\/01\/springer_hellberg_la_red.3730x2098.1920x0-300x169.jpeg 300w, https:\/\/thirsty-feynman.92-205-237-139.plesk.page\/wp-content\/uploads\/2025\/01\/springer_hellberg_la_red.3730x2098.1920x0-1024x576.jpeg 1024w, https:\/\/thirsty-feynman.92-205-237-139.plesk.page\/wp-content\/uploads\/2025\/01\/springer_hellberg_la_red.3730x2098.1920x0-768x432.jpeg 768w, https:\/\/thirsty-feynman.92-205-237-139.plesk.page\/wp-content\/uploads\/2025\/01\/springer_hellberg_la_red.3730x2098.1920x0-1536x864.jpeg 1536w, https:\/\/thirsty-feynman.92-205-237-139.plesk.page\/wp-content\/uploads\/2025\/01\/springer_hellberg_la_red.3730x2098.1920x0-1200x675.jpeg 1200w\" sizes=\"auto, (max-width: 1920px) 100vw, 1920px\" title=\"springer_hellberg_la_red.3730&#215;2098.1920&#215;0\" alt=\"\" \t\tclass=\"so-widget-image\"\/>\n\t<\/div>\n\n<\/div><\/div><\/div><\/div><\/div><div id=\"pg-14-2\"  class=\"panel-grid panel-no-style\" ><div id=\"pgc-14-2-0\"  class=\"panel-grid-cell\" ><div id=\"panel-14-2-0-0\" class=\"so-panel widget widget_sow-editor panel-first-child panel-last-child\" data-index=\"2\" ><div class=\"content-section content-section-small no-pb animate panel-widget-style panel-widget-style-for-14-2-0-0\" ><div\n\t\t\t\n\t\t\tclass=\"so-widget-sow-editor so-widget-sow-editor-base\"\n\t\t\t\n\t\t>\n<div class=\"siteorigin-widget-tinymce textwidget\">\n\t<p>Hi, wir sind muse. Deine Digitalagentur mit Sitz im wundersch\u00f6nen Freiburg - zwischen Schwarzwald und Weinbergen. Seit 2013 bieten wir Kunden in Deutschland und der Schweiz kreative Designs, erfolgreiches Online Marketing sowie Websites, Onlineshops und individuelle digitale L\u00f6sungen die begeistern.<\/p>\n<p>&nbsp;<\/p>\n<\/div>\n<\/div><\/div><\/div><\/div><\/div><div id=\"pg-14-3\"  class=\"panel-grid panel-has-style\" ><div class=\"content-section-right no-pt panel-row-style panel-row-style-for-14-3\" ><div id=\"pgc-14-3-0\"  class=\"panel-grid-cell\" ><div id=\"panel-14-3-0-0\" class=\"widget_text so-panel widget widget_custom_html panel-first-child panel-last-child\" data-index=\"3\" ><div class=\"textwidget custom-html-widget\"><div id=\"player-overlay\">\n    <video autoplay=\"true\" loop=\"true\" controls=\"false\" playsinline muted>\n        <source src=\"\/wp-content\/themes\/muse-theme\/images\/reel.mp4\" \/>\n    <\/video>    \n<\/div><\/div><\/div><\/div><\/div><\/div><div id=\"pg-14-4\"  class=\"panel-grid panel-has-style\" ><div class=\"content-section content-section-small panel-row-style panel-row-style-for-14-4\" id=\"home-clients\" ><div id=\"pgc-14-4-0\"  class=\"panel-grid-cell\" ><div id=\"panel-14-4-0-0\" class=\"so-panel widget widget_sow-editor panel-first-child panel-last-child\" data-index=\"4\" ><div class=\"animate panel-widget-style panel-widget-style-for-14-4-0-0\" ><div\n\t\t\t\n\t\t\tclass=\"so-widget-sow-editor so-widget-sow-editor-base\"\n\t\t\t\n\t\t>\n<div class=\"siteorigin-widget-tinymce textwidget\">\n\t<p><strong>It takes two to tango.<br \/>\n<\/strong><\/p>\n<p>Robin M\u00fcller und Nicolas Seebeck kennen sich seit dem Kindergarten. Schon damals wollten sie gemeinsam ein Unternehmen gr\u00fcnden.<\/p>\n<p>Statt Bagger und Baufirma wurden es Computer und Digitalagentur \u2013 die Leidenschaft, gemeinsam etwas gro\u00dfes zu entwicklen, ist jedoch immer die selbe geblieben.<\/p>\n<p>&nbsp;<\/p>\n<\/div>\n<\/div><\/div><\/div><\/div><\/div><\/div><div id=\"pg-14-5\"  class=\"panel-grid panel-has-style\" ><div id=\"intro-slideshow\" class=\"panel-row-style panel-row-style-for-14-5\" ><div id=\"pgc-14-5-0\"  class=\"panel-grid-cell\" ><div id=\"panel-14-5-0-0\" class=\"widget_text so-panel widget widget_custom_html panel-first-child panel-last-child\" data-index=\"5\" ><div class=\"textwidget custom-html-widget\"><div class=\"slideshow\">\n  <div class=\"move\">\n    <img decoding=\"async\" alt=\"Referenz Weingut Wiedemann\" src=\"\/wp-content\/uploads\/2024\/12\/1.jpg\">\n    <img decoding=\"async\" alt=\"Referenz Calmtree\" src=\"\/wp-content\/uploads\/2024\/12\/2.jpg\">\n    <img decoding=\"async\" alt=\"Referenz Weingut Wiedemann \/ Summit\" src=\"\/wp-content\/uploads\/2024\/12\/3.jpg\">\n    <img decoding=\"async\" alt=\"Referenz Belle AG\" src=\"\/wp-content\/uploads\/2024\/12\/4.jpg\">\n    <img decoding=\"async\" alt=\"Referenz Upat GmbH\" src=\"\/wp-content\/uploads\/2024\/12\/5.jpg\">\n    <img decoding=\"async\" alt=\"Referenz Sole AG\" src=\"\/wp-content\/uploads\/2024\/12\/6.jpg\">\n    <img decoding=\"async\" alt=\"Referenz Breisacher Brauwerk\" src=\"\/wp-content\/uploads\/2024\/12\/7.jpg\">\n    <img decoding=\"async\" alt=\"Referenz Albert Kiefer GmbH\" src=\"\/wp-content\/uploads\/2024\/12\/8.jpg\">\n    <img decoding=\"async\" alt=\"Referenz Fischer\" src=\"\/wp-content\/uploads\/2024\/12\/9.jpg\">\n    <img decoding=\"async\" alt=\"Referenz Breisacher Brauwerk\" src=\"\/wp-content\/uploads\/2024\/12\/10.jpg\">\t\t\n  <\/div>\n  <div class=\"move\" aria-hidden=\"true\">\n    <img decoding=\"async\" alt=\"Referenz Weingut Wiedemann\" aria-hidden=\"true\" src=\"\/wp-content\/uploads\/2024\/12\/1.jpg\">\n    <img decoding=\"async\" alt=\"Referenz Calmtree\" aria-hidden=\"true\" src=\"\/wp-content\/uploads\/2024\/12\/2.jpg\">\n    <img decoding=\"async\" alt=\"Referenz Weingut Wiedemann \/ Summit\" aria-hidden=\"true\" src=\"\/wp-content\/uploads\/2024\/12\/3.jpg\">\n    <img decoding=\"async\" alt=\"Referenz Belle AG\" aria-hidden=\"true\" src=\"\/wp-content\/uploads\/2024\/12\/4.jpg\">\n    <img decoding=\"async\" alt=\"Referenz Upat GmbH\" aria-hidden=\"true\" src=\"\/wp-content\/uploads\/2024\/12\/5.jpg\">\n    <img decoding=\"async\" alt=\"Referenz Sole AG\" aria-hidden=\"true\" src=\"\/wp-content\/uploads\/2024\/12\/6.jpg\">\n    <img decoding=\"async\" alt=\"Referenz Breisacher Brauwerk\" aria-hidden=\"true\" src=\"\/wp-content\/uploads\/2024\/12\/7.jpg\">\n    <img decoding=\"async\" alt=\"Referenz Albert Kiefer GmbH\" aria-hidden=\"true\" src=\"\/wp-content\/uploads\/2024\/12\/8.jpg\">\n    <img decoding=\"async\" alt=\"Referenz Fischer\" aria-hidden=\"true\" src=\"\/wp-content\/uploads\/2024\/12\/9.jpg\">\n    <img decoding=\"async\" alt=\"Referenz Breisacher Brauwerk\" aria-hidden=\"true\" src=\"\/wp-content\/uploads\/2024\/12\/10.jpg\">\t\t\n  <\/div>\n<\/div><\/div><\/div><\/div><\/div><\/div><div id=\"pg-14-6\"  class=\"panel-grid panel-has-style\" ><div class=\"content-section content-section-small panel-row-style panel-row-style-for-14-6\" id=\"home-clients\" ><div id=\"pgc-14-6-0\"  class=\"panel-grid-cell\" ><div id=\"panel-14-6-0-0\" class=\"so-panel widget widget_sow-editor panel-first-child\" data-index=\"6\" ><div class=\"animate panel-widget-style panel-widget-style-for-14-6-0-0\" ><div\n\t\t\t\n\t\t\tclass=\"so-widget-sow-editor so-widget-sow-editor-base\"\n\t\t\t\n\t\t>\n<div class=\"siteorigin-widget-tinymce textwidget\">\n\t<p><strong>F\u00fcr diese Kunden haben wir bereits gearbeitet.<br \/>\n<\/strong><\/p>\n<p>Ob klein oder gro\u00df, ob regional oder international, so vielf\u00e4lltig und bunt die Unternehmen sind f\u00fcr die wir arbeiten, so kreativ und vielseitig sind auch unsere Aufgaben.<\/p>\n<\/div>\n<\/div><\/div><\/div><div id=\"panel-14-6-0-1\" class=\"so-panel widget widget_sow-editor panel-last-child\" data-index=\"7\" ><div id=\"home-client-logos\" class=\"panel-widget-style panel-widget-style-for-14-6-0-1\" ><div\n\t\t\t\n\t\t\tclass=\"so-widget-sow-editor so-widget-sow-editor-base\"\n\t\t\t\n\t\t>\n<div class=\"siteorigin-widget-tinymce textwidget\">\n\t<p><img loading=\"lazy\" decoding=\"async\" class=\"alignnone size-medium wp-image-119\" src=\"https:\/\/thirsty-feynman.92-205-237-139.plesk.page\/wp-content\/uploads\/2024\/12\/awell_knd-300x182.png\" alt=\"\" width=\"300\" height=\"182\" srcset=\"https:\/\/thirsty-feynman.92-205-237-139.plesk.page\/wp-content\/uploads\/2024\/12\/awell_knd-300x182.png 300w, https:\/\/thirsty-feynman.92-205-237-139.plesk.page\/wp-content\/uploads\/2024\/12\/awell_knd.png 750w\" sizes=\"auto, (max-width: 300px) 100vw, 300px\" \/><br \/>\n<img loading=\"lazy\" decoding=\"async\" class=\"alignnone size-medium wp-image-120\" src=\"https:\/\/thirsty-feynman.92-205-237-139.plesk.page\/wp-content\/uploads\/2024\/12\/belleag-300x182.jpg\" alt=\"\" width=\"300\" height=\"182\" srcset=\"https:\/\/thirsty-feynman.92-205-237-139.plesk.page\/wp-content\/uploads\/2024\/12\/belleag-300x182.jpg 300w, https:\/\/thirsty-feynman.92-205-237-139.plesk.page\/wp-content\/uploads\/2024\/12\/belleag.jpg 750w\" sizes=\"auto, (max-width: 300px) 100vw, 300px\" \/><br \/>\n<img loading=\"lazy\" decoding=\"async\" class=\"alignnone wp-image-170 size-medium\" src=\"https:\/\/thirsty-feynman.92-205-237-139.plesk.page\/wp-content\/uploads\/2024\/12\/armbruster-1-300x182.png\" alt=\"\" width=\"300\" height=\"182\" srcset=\"https:\/\/thirsty-feynman.92-205-237-139.plesk.page\/wp-content\/uploads\/2024\/12\/armbruster-1-300x182.png 300w, https:\/\/thirsty-feynman.92-205-237-139.plesk.page\/wp-content\/uploads\/2024\/12\/armbruster-1.png 750w\" sizes=\"auto, (max-width: 300px) 100vw, 300px\" \/><br \/>\n<img loading=\"lazy\" decoding=\"async\" class=\"alignnone size-medium wp-image-134\" src=\"https:\/\/thirsty-feynman.92-205-237-139.plesk.page\/wp-content\/uploads\/2024\/12\/stiegler-300x182.png\" alt=\"\" width=\"300\" height=\"182\" srcset=\"https:\/\/thirsty-feynman.92-205-237-139.plesk.page\/wp-content\/uploads\/2024\/12\/stiegler-300x182.png 300w, https:\/\/thirsty-feynman.92-205-237-139.plesk.page\/wp-content\/uploads\/2024\/12\/stiegler.png 750w\" sizes=\"auto, (max-width: 300px) 100vw, 300px\" \/><br \/>\n<img loading=\"lazy\" decoding=\"async\" class=\"alignnone size-medium wp-image-123\" src=\"https:\/\/thirsty-feynman.92-205-237-139.plesk.page\/wp-content\/uploads\/2024\/12\/fischer-300x182.png\" alt=\"\" width=\"300\" height=\"182\" srcset=\"https:\/\/thirsty-feynman.92-205-237-139.plesk.page\/wp-content\/uploads\/2024\/12\/fischer-300x182.png 300w, https:\/\/thirsty-feynman.92-205-237-139.plesk.page\/wp-content\/uploads\/2024\/12\/fischer.png 750w\" sizes=\"auto, (max-width: 300px) 100vw, 300px\" \/><br \/>\n<img loading=\"lazy\" decoding=\"async\" class=\"alignnone size-medium wp-image-187\" src=\"https:\/\/thirsty-feynman.92-205-237-139.plesk.page\/wp-content\/uploads\/2024\/12\/lwf-300x182.jpg\" alt=\"\" width=\"300\" height=\"182\" srcset=\"https:\/\/thirsty-feynman.92-205-237-139.plesk.page\/wp-content\/uploads\/2024\/12\/lwf-300x182.jpg 300w, https:\/\/thirsty-feynman.92-205-237-139.plesk.page\/wp-content\/uploads\/2024\/12\/lwf.jpg 750w\" sizes=\"auto, (max-width: 300px) 100vw, 300px\" \/><br \/>\n<img loading=\"lazy\" decoding=\"async\" class=\"alignnone size-medium wp-image-137\" src=\"https:\/\/thirsty-feynman.92-205-237-139.plesk.page\/wp-content\/uploads\/2024\/12\/upart-300x182.jpg\" alt=\"\" width=\"300\" height=\"182\" srcset=\"https:\/\/thirsty-feynman.92-205-237-139.plesk.page\/wp-content\/uploads\/2024\/12\/upart-300x182.jpg 300w, https:\/\/thirsty-feynman.92-205-237-139.plesk.page\/wp-content\/uploads\/2024\/12\/upart.jpg 750w\" sizes=\"auto, (max-width: 300px) 100vw, 300px\" \/><br \/>\n<img loading=\"lazy\" decoding=\"async\" class=\"alignnone size-medium wp-image-131\" src=\"https:\/\/thirsty-feynman.92-205-237-139.plesk.page\/wp-content\/uploads\/2024\/12\/rast_knd-300x182.jpg\" alt=\"\" width=\"300\" height=\"182\" srcset=\"https:\/\/thirsty-feynman.92-205-237-139.plesk.page\/wp-content\/uploads\/2024\/12\/rast_knd-300x182.jpg 300w, https:\/\/thirsty-feynman.92-205-237-139.plesk.page\/wp-content\/uploads\/2024\/12\/rast_knd.jpg 750w\" sizes=\"auto, (max-width: 300px) 100vw, 300px\" \/><br \/>\n<img loading=\"lazy\" decoding=\"async\" class=\"alignnone size-medium wp-image-133\" src=\"https:\/\/thirsty-feynman.92-205-237-139.plesk.page\/wp-content\/uploads\/2024\/12\/sid_neu-300x182.png\" alt=\"\" width=\"300\" height=\"182\" srcset=\"https:\/\/thirsty-feynman.92-205-237-139.plesk.page\/wp-content\/uploads\/2024\/12\/sid_neu-300x182.png 300w, https:\/\/thirsty-feynman.92-205-237-139.plesk.page\/wp-content\/uploads\/2024\/12\/sid_neu.png 750w\" sizes=\"auto, (max-width: 300px) 100vw, 300px\" \/><br \/>\n<img loading=\"lazy\" decoding=\"async\" class=\"alignnone wp-image-164 size-medium\" src=\"https:\/\/thirsty-feynman.92-205-237-139.plesk.page\/wp-content\/uploads\/2024\/12\/winmau-300x182.png\" alt=\"\" width=\"300\" height=\"182\" srcset=\"https:\/\/thirsty-feynman.92-205-237-139.plesk.page\/wp-content\/uploads\/2024\/12\/winmau-300x182.png 300w, https:\/\/thirsty-feynman.92-205-237-139.plesk.page\/wp-content\/uploads\/2024\/12\/winmau.png 750w\" sizes=\"auto, (max-width: 300px) 100vw, 300px\" \/><br \/>\n<img loading=\"lazy\" decoding=\"async\" class=\"alignnone size-medium wp-image-168\" src=\"https:\/\/thirsty-feynman.92-205-237-139.plesk.page\/wp-content\/uploads\/2024\/12\/kiesewetter-300x182.png\" alt=\"\" width=\"300\" height=\"182\" srcset=\"https:\/\/thirsty-feynman.92-205-237-139.plesk.page\/wp-content\/uploads\/2024\/12\/kiesewetter-300x182.png 300w, https:\/\/thirsty-feynman.92-205-237-139.plesk.page\/wp-content\/uploads\/2024\/12\/kiesewetter.png 750w\" sizes=\"auto, (max-width: 300px) 100vw, 300px\" \/><br \/>\n<img loading=\"lazy\" decoding=\"async\" class=\"alignnone size-medium wp-image-126\" src=\"https:\/\/thirsty-feynman.92-205-237-139.plesk.page\/wp-content\/uploads\/2024\/12\/kla-300x182.jpg\" alt=\"\" width=\"300\" height=\"182\" srcset=\"https:\/\/thirsty-feynman.92-205-237-139.plesk.page\/wp-content\/uploads\/2024\/12\/kla-300x182.jpg 300w, https:\/\/thirsty-feynman.92-205-237-139.plesk.page\/wp-content\/uploads\/2024\/12\/kla.jpg 750w\" sizes=\"auto, (max-width: 300px) 100vw, 300px\" \/><br \/>\n<img loading=\"lazy\" decoding=\"async\" class=\"alignnone size-medium wp-image-130\" src=\"https:\/\/thirsty-feynman.92-205-237-139.plesk.page\/wp-content\/uploads\/2024\/12\/piu_knd-300x182.jpg\" alt=\"\" width=\"300\" height=\"182\" srcset=\"https:\/\/thirsty-feynman.92-205-237-139.plesk.page\/wp-content\/uploads\/2024\/12\/piu_knd-300x182.jpg 300w, https:\/\/thirsty-feynman.92-205-237-139.plesk.page\/wp-content\/uploads\/2024\/12\/piu_knd.jpg 750w\" sizes=\"auto, (max-width: 300px) 100vw, 300px\" \/><br \/>\n<img loading=\"lazy\" decoding=\"async\" class=\"alignnone size-medium wp-image-135\" src=\"https:\/\/thirsty-feynman.92-205-237-139.plesk.page\/wp-content\/uploads\/2024\/12\/tbm-300x182.png\" alt=\"\" width=\"300\" height=\"182\" srcset=\"https:\/\/thirsty-feynman.92-205-237-139.plesk.page\/wp-content\/uploads\/2024\/12\/tbm-300x182.png 300w, https:\/\/thirsty-feynman.92-205-237-139.plesk.page\/wp-content\/uploads\/2024\/12\/tbm.png 750w\" sizes=\"auto, (max-width: 300px) 100vw, 300px\" \/><br \/>\n<img loading=\"lazy\" decoding=\"async\" class=\"alignnone size-medium wp-image-122\" src=\"https:\/\/thirsty-feynman.92-205-237-139.plesk.page\/wp-content\/uploads\/2024\/12\/ct-300x182.png\" alt=\"\" width=\"300\" height=\"182\" srcset=\"https:\/\/thirsty-feynman.92-205-237-139.plesk.page\/wp-content\/uploads\/2024\/12\/ct-300x182.png 300w, https:\/\/thirsty-feynman.92-205-237-139.plesk.page\/wp-content\/uploads\/2024\/12\/ct.png 750w\" sizes=\"auto, (max-width: 300px) 100vw, 300px\" \/><br \/>\n<img loading=\"lazy\" decoding=\"async\" class=\"alignnone size-medium wp-image-138\" src=\"https:\/\/thirsty-feynman.92-205-237-139.plesk.page\/wp-content\/uploads\/2024\/12\/wwi-1-300x182.jpg\" alt=\"\" width=\"300\" height=\"182\" srcset=\"https:\/\/thirsty-feynman.92-205-237-139.plesk.page\/wp-content\/uploads\/2024\/12\/wwi-1-300x182.jpg 300w, https:\/\/thirsty-feynman.92-205-237-139.plesk.page\/wp-content\/uploads\/2024\/12\/wwi-1.jpg 750w\" sizes=\"auto, (max-width: 300px) 100vw, 300px\" \/><br \/>\n<img loading=\"lazy\" decoding=\"async\" class=\"alignnone size-medium wp-image-132\" src=\"https:\/\/thirsty-feynman.92-205-237-139.plesk.page\/wp-content\/uploads\/2024\/12\/rema-300x182.png\" alt=\"\" width=\"300\" height=\"182\" srcset=\"https:\/\/thirsty-feynman.92-205-237-139.plesk.page\/wp-content\/uploads\/2024\/12\/rema-300x182.png 300w, https:\/\/thirsty-feynman.92-205-237-139.plesk.page\/wp-content\/uploads\/2024\/12\/rema.png 750w\" sizes=\"auto, (max-width: 300px) 100vw, 300px\" \/><br \/>\n<img loading=\"lazy\" decoding=\"async\" class=\"alignnone size-medium wp-image-125\" src=\"https:\/\/thirsty-feynman.92-205-237-139.plesk.page\/wp-content\/uploads\/2024\/12\/kiefer-300x182.png\" alt=\"\" width=\"300\" height=\"182\" srcset=\"https:\/\/thirsty-feynman.92-205-237-139.plesk.page\/wp-content\/uploads\/2024\/12\/kiefer-300x182.png 300w, https:\/\/thirsty-feynman.92-205-237-139.plesk.page\/wp-content\/uploads\/2024\/12\/kiefer.png 750w\" sizes=\"auto, (max-width: 300px) 100vw, 300px\" \/><br \/>\n<img loading=\"lazy\" decoding=\"async\" class=\"alignnone size-medium wp-image-124\" src=\"https:\/\/thirsty-feynman.92-205-237-139.plesk.page\/wp-content\/uploads\/2024\/12\/fsf-300x182.png\" alt=\"\" width=\"300\" height=\"182\" srcset=\"https:\/\/thirsty-feynman.92-205-237-139.plesk.page\/wp-content\/uploads\/2024\/12\/fsf-300x182.png 300w, https:\/\/thirsty-feynman.92-205-237-139.plesk.page\/wp-content\/uploads\/2024\/12\/fsf.png 750w\" sizes=\"auto, (max-width: 300px) 100vw, 300px\" \/><br \/>\n<img loading=\"lazy\" decoding=\"async\" class=\"alignnone size-medium wp-image-127\" src=\"https:\/\/thirsty-feynman.92-205-237-139.plesk.page\/wp-content\/uploads\/2024\/12\/mfs-300x182.png\" alt=\"\" width=\"300\" height=\"182\" srcset=\"https:\/\/thirsty-feynman.92-205-237-139.plesk.page\/wp-content\/uploads\/2024\/12\/mfs-300x182.png 300w, https:\/\/thirsty-feynman.92-205-237-139.plesk.page\/wp-content\/uploads\/2024\/12\/mfs.png 750w\" sizes=\"auto, (max-width: 300px) 100vw, 300px\" \/><br \/>\n<img loading=\"lazy\" decoding=\"async\" class=\"alignnone size-medium wp-image-121\" src=\"https:\/\/thirsty-feynman.92-205-237-139.plesk.page\/wp-content\/uploads\/2024\/12\/bras-1-300x182.png\" alt=\"\" width=\"300\" height=\"182\" srcset=\"https:\/\/thirsty-feynman.92-205-237-139.plesk.page\/wp-content\/uploads\/2024\/12\/bras-1-300x182.png 300w, https:\/\/thirsty-feynman.92-205-237-139.plesk.page\/wp-content\/uploads\/2024\/12\/bras-1.png 750w\" sizes=\"auto, (max-width: 300px) 100vw, 300px\" \/><br \/>\n<img loading=\"lazy\" decoding=\"async\" class=\"alignnone size-medium wp-image-129\" src=\"https:\/\/thirsty-feynman.92-205-237-139.plesk.page\/wp-content\/uploads\/2024\/12\/nc-300x182.jpg\" alt=\"\" width=\"300\" height=\"182\" srcset=\"https:\/\/thirsty-feynman.92-205-237-139.plesk.page\/wp-content\/uploads\/2024\/12\/nc-300x182.jpg 300w, https:\/\/thirsty-feynman.92-205-237-139.plesk.page\/wp-content\/uploads\/2024\/12\/nc.jpg 750w\" sizes=\"auto, (max-width: 300px) 100vw, 300px\" \/><br \/>\n<img loading=\"lazy\" decoding=\"async\" class=\"alignnone size-medium wp-image-172\" src=\"https:\/\/thirsty-feynman.92-205-237-139.plesk.page\/wp-content\/uploads\/2024\/12\/bohnycnc-300x182.png\" alt=\"\" width=\"300\" height=\"182\" srcset=\"https:\/\/thirsty-feynman.92-205-237-139.plesk.page\/wp-content\/uploads\/2024\/12\/bohnycnc-300x182.png 300w, https:\/\/thirsty-feynman.92-205-237-139.plesk.page\/wp-content\/uploads\/2024\/12\/bohnycnc.png 750w\" sizes=\"auto, (max-width: 300px) 100vw, 300px\" \/><br \/>\n<img loading=\"lazy\" decoding=\"async\" class=\"alignnone size-medium wp-image-136\" src=\"https:\/\/thirsty-feynman.92-205-237-139.plesk.page\/wp-content\/uploads\/2024\/12\/up-300x182.png\" alt=\"\" width=\"300\" height=\"182\" srcset=\"https:\/\/thirsty-feynman.92-205-237-139.plesk.page\/wp-content\/uploads\/2024\/12\/up-300x182.png 300w, https:\/\/thirsty-feynman.92-205-237-139.plesk.page\/wp-content\/uploads\/2024\/12\/up.png 750w\" sizes=\"auto, (max-width: 300px) 100vw, 300px\" \/><\/p>\n<\/div>\n<\/div><\/div><\/div><\/div><\/div><\/div><div id=\"pg-14-7\"  class=\"panel-grid panel-has-style\" ><div class=\"content-section content-section-small panel-row-style panel-row-style-for-14-7\" ><div id=\"pgc-14-7-0\"  class=\"panel-grid-cell\" ><div id=\"panel-14-7-0-0\" class=\"so-panel widget widget_sow-editor panel-first-child panel-last-child\" data-index=\"8\" ><div class=\"animate panel-widget-style panel-widget-style-for-14-7-0-0\" ><div\n\t\t\t\n\t\t\tclass=\"so-widget-sow-editor so-widget-sow-editor-base\"\n\t\t\t\n\t\t>\n<div class=\"siteorigin-widget-tinymce textwidget\">\n\t<p><strong>Bereit f\u00fcr dein next<br \/>\nLevel? Let's talk!<br \/>\n<\/strong><\/p>\n<p>Bereit, dein Business auf das n\u00e4chste Level zu bringen? Wir entwickeln ma\u00dfgeschneiderte digitale L\u00f6sungen, die dein Wachstum vorantreiben. Vereinbare jetzt dein pers\u00f6nliches Gespr\u00e4ch und starte mit uns durch. Wir freuen uns auf dich und deine Idee!<\/p>\n<\/div>\n<\/div><\/div><\/div><\/div><\/div><\/div><\/div>","protected":false},"excerpt":{"rendered":"<p>\/\/ About Wir begleiten Brands digital. Zum Erfolg.<\/p>\n","protected":false},"author":1,"featured_media":0,"parent":0,"menu_order":0,"comment_status":"closed","ping_status":"closed","template":"","meta":{"footnotes":""},"class_list":["post-14","page","type-page","status-publish","hentry"],"_links":{"self":[{"href":"https:\/\/thirsty-feynman.92-205-237-139.plesk.page\/index.php\/wp-json\/wp\/v2\/pages\/14","targetHints":{"allow":["GET"]}}],"collection":[{"href":"https:\/\/thirsty-feynman.92-205-237-139.plesk.page\/index.php\/wp-json\/wp\/v2\/pages"}],"about":[{"href":"https:\/\/thirsty-feynman.92-205-237-139.plesk.page\/index.php\/wp-json\/wp\/v2\/types\/page"}],"author":[{"embeddable":true,"href":"https:\/\/thirsty-feynman.92-205-237-139.plesk.page\/index.php\/wp-json\/wp\/v2\/users\/1"}],"replies":[{"embeddable":true,"href":"https:\/\/thirsty-feynman.92-205-237-139.plesk.page\/index.php\/wp-json\/wp\/v2\/comments?post=14"}],"version-history":[{"count":37,"href":"https:\/\/thirsty-feynman.92-205-237-139.plesk.page\/index.php\/wp-json\/wp\/v2\/pages\/14\/revisions"}],"predecessor-version":[{"id":456,"href":"https:\/\/thirsty-feynman.92-205-237-139.plesk.page\/index.php\/wp-json\/wp\/v2\/pages\/14\/revisions\/456"}],"wp:attachment":[{"href":"https:\/\/thirsty-feynman.92-205-237-139.plesk.page\/index.php\/wp-json\/wp\/v2\/media?parent=14"}],"curies":[{"name":"wp","href":"https:\/\/api.w.org\/{rel}","templated":true}]}}