{"id":16,"date":"2024-12-28T16:03:02","date_gmt":"2024-12-28T16:03:02","guid":{"rendered":"https:\/\/thirsty-feynman.92-205-237-139.plesk.page\/?page_id=16"},"modified":"2025-01-11T16:15:31","modified_gmt":"2025-01-11T16:15:31","slug":"kontakt","status":"publish","type":"page","link":"https:\/\/thirsty-feynman.92-205-237-139.plesk.page\/index.php\/kontakt\/","title":{"rendered":"Kontakt"},"content":{"rendered":"<div id=\"pl-16\"  class=\"panel-layout\" ><div id=\"pg-16-0\"  class=\"panel-grid panel-has-style\" ><div class=\"home-services panel-row-style panel-row-style-for-16-0\" id=\"sub-hero\" ><div id=\"pgc-16-0-0\"  class=\"panel-grid-cell\" ><div id=\"panel-16-0-0-0\" class=\"so-panel widget widget_sow-editor panel-first-child panel-last-child\" data-index=\"0\" ><div class=\"content-section content-section-small no-pb animate panel-widget-style panel-widget-style-for-16-0-0-0\" ><div\n\t\t\t\n\t\t\tclass=\"so-widget-sow-editor so-widget-sow-editor-base\"\n\t\t\t\n\t\t>\n<div class=\"siteorigin-widget-tinymce textwidget\">\n\t<h5>\/\/ Kontakt<\/h5>\n<p><strong>Say hello \u270c\ufe0f<br \/>\n<\/strong><\/p>\n<p>Du findest uns im sch\u00f6nen Freiburg in der Unterwiehre \u2013 und nat\u00fcrlich auch online. Ganz gleich, welchen Weg du bevorzugst, wir sind f\u00fcr dich da und freuen uns, von dir und deiner Idee zu h\u00f6ren.<\/p>\n<\/div>\n<\/div><\/div><\/div><\/div><\/div><\/div><div id=\"pg-16-1\"  class=\"panel-grid panel-has-style\" ><div class=\"content-section content-section-small no-pt panel-row-style panel-row-style-for-16-1\" id=\"cta_contacts\" ><div id=\"pgc-16-1-0\"  class=\"panel-grid-cell\" ><div id=\"panel-16-1-0-0\" class=\"so-panel widget widget_sow-editor panel-first-child panel-last-child\" data-index=\"1\" ><div\n\t\t\t\n\t\t\tclass=\"so-widget-sow-editor so-widget-sow-editor-base\"\n\t\t\t\n\t\t>\n<div class=\"siteorigin-widget-tinymce textwidget\">\n\t<h3><a href=\"mailto:info@madebymuse.de\">info@madebymuse.de<\/a><\/h3>\n<h3>+49 761 137 317 44<\/h3>\n<p><a class=\"more-btn\" href=\"#contactform\">zum Kontaktformular<\/a><\/p>\n<\/div>\n<\/div><\/div><\/div><\/div><\/div><div id=\"pg-16-2\"  class=\"panel-grid panel-has-style\" ><div class=\"content-section-right no-pt panel-row-style panel-row-style-for-16-2\" id=\"cta_adressblock\" ><div id=\"pgc-16-2-0\"  class=\"panel-grid-cell\" ><div id=\"panel-16-2-0-0\" class=\"so-panel widget widget_sow-editor panel-first-child panel-last-child\" data-index=\"2\" ><div\n\t\t\t\n\t\t\tclass=\"so-widget-sow-editor so-widget-sow-editor-base\"\n\t\t\t\n\t\t>\n<div class=\"siteorigin-widget-tinymce textwidget\">\n\t<p><em><img loading=\"lazy\" decoding=\"async\" class=\"alignnone wp-image-275\" src=\"https:\/\/thirsty-feynman.92-205-237-139.plesk.page\/wp-content\/uploads\/2025\/01\/muse.png\" alt=\"\" width=\"124\" height=\"33\" \/><\/em><\/p>\n<p>muse digitalagetur<br \/>\nLangemarckstra\u00dfe 112<br \/>\nD-79100 Freiburg<\/p>\n<p><a href=\"https:\/\/www.google.com\/maps\/dir\/\/Langemarckstra%C3%9Fe+112,+Freiburg+im+Breisgau-S%C3%BCd\/@47.9803882,7.7474225,12z\/data=!3m1!4b1!4m8!4m7!1m0!1m5!1m1!1s0x47911b50521de24d:0xc3ea33aa76b237fc!2m2!1d7.8299945!2d47.9804178?entry=ttu&amp;g_ep=EgoyMDI1MDEwNy4wIKXMDSoASAFQAw%3D%3D\" target=\"_blank\" rel=\"noopener\">Auf Karte anzeigen (Google Maps)<\/a><\/p>\n<p>&nbsp;<\/p>\n<p>Follow us:<\/p>\n<p><a href=\"https:\/\/www.instagram.com\/muse.agentur\/\" target=\"_blank\" rel=\"noopener\">Instagram<\/a><br \/>\n<a href=\"https:\/\/www.facebook.com\/madebymusedigital\" target=\"_blank\" rel=\"noopener\">Facebook<\/a><br \/>\n<a href=\"https:\/\/www.facebook.com\/madebymusedigital\" target=\"_blank\" rel=\"noopener\">LinkedIn<\/a><\/p>\n<\/div>\n<\/div><\/div><\/div><div id=\"pgc-16-2-1\"  class=\"panel-grid-cell\" ><div id=\"panel-16-2-1-0\" class=\"so-panel widget widget_sow-image panel-first-child panel-last-child\" data-index=\"3\" ><div\n\t\t\t\n\t\t\tclass=\"so-widget-sow-image so-widget-sow-image-default-8b5b6f678277-16\"\n\t\t\t\n\t\t>\n\n<div class=\"sow-image-container\">\n\t\t<img loading=\"lazy\" decoding=\"async\" src=\"https:\/\/thirsty-feynman.92-205-237-139.plesk.page\/wp-content\/uploads\/2025\/01\/digitalagentur_freiburg.jpg\" width=\"1500\" height=\"1001\" srcset=\"https:\/\/thirsty-feynman.92-205-237-139.plesk.page\/wp-content\/uploads\/2025\/01\/digitalagentur_freiburg.jpg 1500w, https:\/\/thirsty-feynman.92-205-237-139.plesk.page\/wp-content\/uploads\/2025\/01\/digitalagentur_freiburg-300x200.jpg 300w, https:\/\/thirsty-feynman.92-205-237-139.plesk.page\/wp-content\/uploads\/2025\/01\/digitalagentur_freiburg-1024x683.jpg 1024w, https:\/\/thirsty-feynman.92-205-237-139.plesk.page\/wp-content\/uploads\/2025\/01\/digitalagentur_freiburg-768x513.jpg 768w, https:\/\/thirsty-feynman.92-205-237-139.plesk.page\/wp-content\/uploads\/2025\/01\/digitalagentur_freiburg-272x182.jpg 272w\" sizes=\"auto, (max-width: 1500px) 100vw, 1500px\" alt=\"\" \t\tclass=\"so-widget-image\"\/>\n\t<\/div>\n\n<\/div><\/div><\/div><\/div><\/div><div id=\"pg-16-3\"  class=\"panel-grid panel-has-style\" ><div class=\"content-section content-section-small no-pt panel-row-style panel-row-style-for-16-3\" ><div id=\"pgc-16-3-0\"  class=\"panel-grid-cell\" ><div id=\"panel-16-3-0-0\" class=\"so-panel widget widget_sow-editor panel-first-child panel-last-child\" data-index=\"4\" ><div id=\"contactform\" class=\"panel-widget-style panel-widget-style-for-16-3-0-0\" ><div\n\t\t\t\n\t\t\tclass=\"so-widget-sow-editor so-widget-sow-editor-base\"\n\t\t\t\n\t\t>\n<div class=\"siteorigin-widget-tinymce textwidget\">\n\t<p><strong>Bereit f\u00fcr dein next<br \/>\nLevel? Let's talk!<br \/>\n<\/strong><\/p>\n<p>Bereit, dein Business auf das n\u00e4chste Level zu bringen? Wir entwickeln ma\u00dfgeschneiderte digitale L\u00f6sungen, die dein Wachstum vorantreiben. Vereinbare jetzt dein pers\u00f6nliches Gespr\u00e4ch und starte mit uns durch. Wir freuen uns auf dich und deine Idee!<\/p>\n\n<div class=\"wpcf7 no-js\" id=\"wpcf7-f380-o1\" lang=\"de-DE\" dir=\"ltr\" data-wpcf7-id=\"380\">\n<div class=\"screen-reader-response\"><p role=\"status\" aria-live=\"polite\" aria-atomic=\"true\"><\/p> <ul><\/ul><\/div>\n<form action=\"\/index.php\/wp-json\/wp\/v2\/pages\/16#wpcf7-f380-o1\" method=\"post\" class=\"wpcf7-form init\" aria-label=\"Kontaktformular\" novalidate=\"novalidate\" data-status=\"init\">\n<div style=\"display: none;\">\n<input type=\"hidden\" name=\"_wpcf7\" value=\"380\" \/>\n<input type=\"hidden\" name=\"_wpcf7_version\" value=\"6.0.2\" \/>\n<input type=\"hidden\" name=\"_wpcf7_locale\" value=\"de_DE\" \/>\n<input type=\"hidden\" name=\"_wpcf7_unit_tag\" value=\"wpcf7-f380-o1\" \/>\n<input type=\"hidden\" name=\"_wpcf7_container_post\" value=\"0\" \/>\n<input type=\"hidden\" name=\"_wpcf7_posted_data_hash\" value=\"\" \/>\n<\/div>\n<table>\n\t<tr>\n\t\t<td>\n\t\t\t<p><label><span class=\"label\">Name<sup>*<\/sup><\/span><br \/>\n<span class=\"wpcf7-form-control-wrap\" data-name=\"vorundnachname\"><input size=\"40\" maxlength=\"400\" class=\"wpcf7-form-control wpcf7-text wpcf7-validates-as-required\" aria-required=\"true\" aria-invalid=\"false\" value=\"\" type=\"text\" name=\"vorundnachname\" \/><\/span> <\/label>\n\t\t\t<\/p>\n\t\t<\/td>\n\t\t<td>\n\t\t\t<p><label><span class=\"label\">Firma<sup>*<\/sup><\/span><br \/>\n<span class=\"wpcf7-form-control-wrap\" data-name=\"firma\"><input size=\"40\" maxlength=\"400\" class=\"wpcf7-form-control wpcf7-text wpcf7-validates-as-required\" aria-required=\"true\" aria-invalid=\"false\" value=\"\" type=\"text\" name=\"firma\" \/><\/span> <\/label>\n\t\t\t<\/p>\n\t\t<\/td>\n\t<\/tr>\n\t<tr>\n\t\t<td>\n\t\t\t<p><label><span class=\"label\">E-Mail<sup>*<\/sup><\/span><br \/>\n<span class=\"wpcf7-form-control-wrap\" data-name=\"email\"><input size=\"40\" maxlength=\"400\" class=\"wpcf7-form-control wpcf7-email wpcf7-validates-as-required wpcf7-text wpcf7-validates-as-email\" aria-required=\"true\" aria-invalid=\"false\" value=\"\" type=\"email\" name=\"email\" \/><\/span> <\/label>\n\t\t\t<\/p>\n\t\t<\/td>\n\t\t<td>\n\t\t\t<p><label><span class=\"label\">Telefon<sup><\/sup><\/span><br \/>\n<span class=\"wpcf7-form-control-wrap\" data-name=\"tel\"><input size=\"40\" maxlength=\"400\" class=\"wpcf7-form-control wpcf7-tel wpcf7-text wpcf7-validates-as-tel\" aria-invalid=\"false\" value=\"\" type=\"tel\" name=\"tel\" \/><\/span> <\/label>\n\t\t\t<\/p>\n\t\t<\/td>\n\t<\/tr>\n\t<tr>\n\t\t<td colspan=\"2\">\n\t\t\t<p><label><span class=\"label\">Mitteilung<\/span><br \/>\n<span class=\"wpcf7-form-control-wrap\" data-name=\"your-message\"><textarea cols=\"40\" rows=\"3\" maxlength=\"2000\" class=\"wpcf7-form-control wpcf7-textarea\" aria-invalid=\"false\" name=\"your-message\"><\/textarea><\/span> <\/label>\n\t\t\t<\/p>\n\t\t<\/td>\n\t<\/tr>\n\t<tr>\n\t\t<td colspan=\"2\">\n\t\t\t<p><label><span class=\"wrap-label\">Wie k\u00f6nnen wir Dich unterst\u00fctzen?<\/span><br \/>\n<span class=\"wpcf7-form-control-wrap\" data-name=\"checkbox-630\"><span class=\"wpcf7-form-control wpcf7-checkbox\"><span class=\"wpcf7-list-item first\"><label><input type=\"checkbox\" name=\"checkbox-630[]\" value=\"Projektanfrage\" \/><span class=\"wpcf7-list-item-label\">Projektanfrage<\/span><\/label><\/span><span class=\"wpcf7-list-item\"><label><input type=\"checkbox\" name=\"checkbox-630[]\" value=\"Support\" \/><span class=\"wpcf7-list-item-label\">Support<\/span><\/label><\/span><span class=\"wpcf7-list-item last\"><label><input type=\"checkbox\" name=\"checkbox-630[]\" value=\"Sonstiges\" \/><span class=\"wpcf7-list-item-label\">Sonstiges<\/span><\/label><\/span><\/span><\/span><\/label>\n\t\t\t<\/p>\n\t\t<\/td>\n\t<\/tr>\n\t<tr>\n\t\t<td colspan=\"2\">\n\t\t\t<p><label><br \/>\n<span class=\"wpcf7-form-control-wrap\" data-name=\"acceptance-502\"><span class=\"wpcf7-form-control wpcf7-acceptance\"><span class=\"wpcf7-list-item\"><label><input type=\"checkbox\" name=\"acceptance-502\" value=\"1\" id=\"datenschutz-control\" aria-invalid=\"false\" \/><span class=\"wpcf7-list-item-label\">Ich habe die <a href=\"\/datenschutz\">Datenschutzerkl\u00e4rung<\/a> gelesen und akzeptiere diese.<\/span><\/label><\/span><\/span><\/span> <\/label>\n\t\t\t<\/p>\n\t\t<\/td>\n\t<\/tr>\n<\/table>\n<p>[honeypot honeypot-819 move-inline-css:true \"password\"]<br \/>\n<button type=\"submit\" class=\"wpcf7-form-control wpcf7-submit btn btn-primary custom-btn-style\"><strong>Absenden<\/strong><\/button>\n<\/p><div class=\"wpcf7-response-output\" aria-hidden=\"true\"><\/div>\n<\/form>\n<\/div>\n\n<\/div>\n<\/div><\/div><\/div><\/div><\/div><\/div><\/div>","protected":false},"excerpt":{"rendered":"<p>\/\/ Kontakt Say hello \u270c\ufe0f Du findest uns im sch\u00f6nen Freiburg in der Unterwiehre \u2013 und nat\u00fcrlich auch online. Ganz gleich, welchen Weg du bevorzugst, wir sind f\u00fcr dich da und freuen uns, von dir und deiner Idee zu h\u00f6ren. info@madebymuse.de +49 761 137 317 44 zum Kontaktformular<\/p>\n","protected":false},"author":1,"featured_media":0,"parent":0,"menu_order":0,"comment_status":"closed","ping_status":"closed","template":"","meta":{"footnotes":""},"class_list":["post-16","page","type-page","status-publish","hentry"],"_links":{"self":[{"href":"https:\/\/thirsty-feynman.92-205-237-139.plesk.page\/index.php\/wp-json\/wp\/v2\/pages\/16","targetHints":{"allow":["GET"]}}],"collection":[{"href":"https:\/\/thirsty-feynman.92-205-237-139.plesk.page\/index.php\/wp-json\/wp\/v2\/pages"}],"about":[{"href":"https:\/\/thirsty-feynman.92-205-237-139.plesk.page\/index.php\/wp-json\/wp\/v2\/types\/page"}],"author":[{"embeddable":true,"href":"https:\/\/thirsty-feynman.92-205-237-139.plesk.page\/index.php\/wp-json\/wp\/v2\/users\/1"}],"replies":[{"embeddable":true,"href":"https:\/\/thirsty-feynman.92-205-237-139.plesk.page\/index.php\/wp-json\/wp\/v2\/comments?post=16"}],"version-history":[{"count":43,"href":"https:\/\/thirsty-feynman.92-205-237-139.plesk.page\/index.php\/wp-json\/wp\/v2\/pages\/16\/revisions"}],"predecessor-version":[{"id":430,"href":"https:\/\/thirsty-feynman.92-205-237-139.plesk.page\/index.php\/wp-json\/wp\/v2\/pages\/16\/revisions\/430"}],"wp:attachment":[{"href":"https:\/\/thirsty-feynman.92-205-237-139.plesk.page\/index.php\/wp-json\/wp\/v2\/media?parent=16"}],"curies":[{"name":"wp","href":"https:\/\/api.w.org\/{rel}","templated":true}]}}